{"id":44,"date":"2017-04-12T15:34:18","date_gmt":"2017-04-12T18:34:18","guid":{"rendered":"http:\/\/wims.wordpress\/?page_id=44"},"modified":"2017-08-30T12:03:03","modified_gmt":"2017-08-30T15:03:03","slug":"programacao","status":"publish","type":"page","link":"https:\/\/wims.igc.usp.br\/?page_id=44&lang=pt","title":{"rendered":"Programa\u00e7\u00e3o"},"content":{"rendered":"<h2><em><strong>PROGRAMA<\/strong><\/em><\/h2>\n<h3>Dia 4\/Set\/2017<\/h3>\n<p>Register: 8.00 \u2013 9.10\u00a0(+ coffee break)<\/p>\n<p>9.10 \u2013 9.40 &#8211; opening ceremony<\/p>\n<h4>PALESTRAS<\/h4>\n<p>9.40 \u2013 10.20: <strong>Koji \u00a0Kawashita<\/strong> &#8211; IG-USP<\/p>\n<p><strong>Afinal, qual \u00e9 a prov\u00e1vel \u00a0composi\u00e7\u00e3o atmosf\u00e9rica do arg\u00f4nio terrestre \u00a0no passado e no presente?<\/strong><\/p>\n<p>10.20\u00a0\u2013 11.00 &#8211; <strong>Luiz C. Pessenda<\/strong> &#8211; CENA<\/p>\n<p><strong>Din\u00e2mica da Mata Atl\u00e2ntica em rela\u00e7\u00e3o \u00e0s mudan\u00e7as clim\u00e1ticas do passado e do futuro.<\/strong><\/p>\n<p>11.00 \u2013 11.15: coffee break &#8211; local: Museum<\/p>\n<p>11.15 \u2013 11.55 &#8211; <strong>Pedro de Oliveira<\/strong> &#8211; Instituto de Qu\u00edmica<\/p>\n<p><strong>Aplica\u00e7\u00e3o de novos materiais para separa\u00e7\u00e3o e pr\u00e9-concentra\u00e7\u00e3o de elementos terras raras por ICP-MS. <\/strong><\/p>\n<p>11.55 &#8211;\u00a0 12.05 &#8211; <strong>Fl\u00e1vio Fernandes &#8211; CM<\/strong><\/p>\n<p><strong>Energia limpa para espectrometria (t\u00edtulo sujeito a altera\u00e7\u00e3o)<\/strong><\/p>\n<p>12:30 &#8211; 14:00 &#8211; <strong>Lunch Time<\/strong><\/p>\n<p><strong>Lunch Time &#8211;\u00a0BRUNCH &#8211; snack (free charge) for all participants. Local: Geoscience Museum<\/strong><\/p>\n<p>14.00-14.40\u00a0&#8211; <strong>Ricardo Santelli<\/strong> &#8211; UFRJ<\/p>\n<p><strong>Aplica\u00e7\u00f5es da Espectrometria de Massa com Fonte Plasma e Estudos de Especia\u00e7\u00e3o<\/strong><\/p>\n<p>14.40-15.20 &#8211; F. Barbosa &#8211; Farm\u00e1cia &#8211; Ribeir\u00e3o Preto &#8211; USP<\/p>\n<p><strong>Elementos qu\u00edmicos e contaminantes emergentes, biomonitoramento e espectrometria de massas aplicada a toxicologia<\/strong><\/p>\n<p>15.20 \u2013 15.35 &#8211; coffee break &#8211;\u00a0local: Museum<\/p>\n<p>15.35-16.05\u00a0\u00a0 &#8211; \u00a0<strong>Joaquim Ara\u00fajo<\/strong> &#8211; UFSCar<\/p>\n<p><strong>Estrat\u00e9gias para an\u00e1lise de amostras complexas por ICP-MS<\/strong>.<\/p>\n<p>16.05 \u2013 16.45 &#8211; <strong>A. Meneg<\/strong>\u00e1r<strong>io<\/strong> &#8211; CEA &#8211; UNESP<\/p>\n<p><strong>M\u00e9todos para determina\u00e7\u00e3o de biocidas anti-incrustantes \u00a0met\u00e1licos de terceira gera\u00e7\u00e3o baseados na hifena\u00e7\u00e3o da cromatografia liquida com espectrometria de massas.<\/strong><\/p>\n<p>16.45-17.00 &#8211; coffee break &#8211;\u00a0local: Museum<\/p>\n<p>17.00-17.40\u00a0 &#8211; <strong>Marcos A. \u00a0Zezzi &#8211;<\/strong> IQ-UNICAMP<\/p>\n<p><strong>Bioimageamento empregando a t\u00e9cnica de LA-ICP-MS<\/strong>.<\/p>\n<p>17.40 &#8211; \u00a0caf\u00e9 with poster + discussion for next WIMS &#8211; Local: museum<\/p>\n<p>18.00 &#8211;\u00a0\u00a0 Laboratory visitation<\/p>\n<h3>Dia 5\/Set\/2017<\/h3>\n<p>9.00-9.40 &#8211; <strong>Jorge Sarkis<\/strong> &#8211; IPEN<\/p>\n<p><strong>Forense<\/strong><\/p>\n<p>9.40-10:10 \u00a0&#8211; <strong>Ant\u00f4nio Celso Jardim<\/strong> &#8211; SENS<\/p>\n<p><strong>Advanced Mass Spectrometry: Isotopic analysis without boundaries \u2013\u00a0new advances in stable isotopes mass spectrometry and interface<\/strong><\/p>\n<p>10:10 -10:30 &#8211; <strong>Nova Anal\u00edtica<\/strong><\/p>\n<p><strong>Avan\u00e7os em espectrometria (draft)<\/strong><\/p>\n<p>10.30-10.45 \u2013 coffee break &#8211;\u00a0local: Museum<\/p>\n<p>10.45 \u2013 11.25 &#8211;\u00a0 <strong>Alexandre Ferreira<\/strong> &#8211; Petrobr\u00e1s<\/p>\n<p>G<strong>eoqu\u00edmica de Is\u00f3topos Est\u00e1veis de Carbono, Hidrog\u00eanio e Enxofre: Conceitos, Instrumenta\u00e7\u00e3o Anal\u00edtica e Aplica\u00e7\u00f5es na Explora\u00e7\u00e3o de Petr\u00f3leo. Key words: Raz\u00e3o Isot\u00f3pica, Is\u00f3topos Est\u00e1veis, Geoqu\u00edmica Org\u00e2nica, Espectrometria de Massas Para Raz\u00e3o Isot\u00f3pica, An\u00e1lise Isot\u00f3pica de Compostos Espec\u00edficos, Geoqu\u00edmica de Gases<\/strong><\/p>\n<p>11.25 \u2013 12.15 &#8211; <strong>Allen Nutman<\/strong> &#8211; Austr\u00e1lia<\/p>\n<p><strong>Rapid emergence of life shown by discovery of 3,700-million-year-old microbial structures: LA-ICP-MS, SIMS<\/strong><\/p>\n<p>12.30 &#8211; 14:00<\/p>\n<p><strong>Lunch Time &#8211;\u00a0BRUNCH &#8211; snack (free charge) for all participants. Local: Geoscience Museum<\/strong><\/p>\n<p>14.00-14.45 &#8211; <strong>Luis Mancini<\/strong> &#8211; UnB<\/p>\n<p><strong>Is\u00f3topos Est\u00e1veis <\/strong><strong>\u00a0<\/strong><strong>&#8211; Inter &#8211; Laborat\u00f3rio &#8211; discuss\u00e3o (<\/strong><strong>d <\/strong><strong>C e <\/strong><strong>d O) <\/strong><strong>do padr\u00e3o de carbonato de c\u00e1lcio (estalactite) da gruta Rei do Mato.<\/strong><\/p>\n<p>14.45-15.25\u00a0 &#8211; <strong>Maur\u00edcio Ibanez<\/strong> &#8211; USA<\/p>\n<p><strong>Geocronologia de alta precis\u00e3o anal\u00edtica por meio de Chemical Ablation \u2013ID \u2013 TIMS<\/strong><\/p>\n<p>15.25-15.40 &#8211; coffee break &#8211;\u00a0local: Museum<\/p>\n<p>15.40-16.25 &#8211; <strong>Kei Sato<\/strong> &#8211; IG-USP<\/p>\n<p>I<strong>n situ isotopic analysis of Ti (geothermometer) and Rare Earth Element in zircon by \u201cSensitive High Resolution Ion Micro Probe\u201c.\u00a0<\/strong><\/p>\n<p>16.25 \u2013 17.40 &#8211; <strong>M\u00e1rcio Pimentel<\/strong> &#8211; UnB \/ <strong>Miguel Basei<\/strong> &#8211; IG-USP<\/p>\n<p><strong>Inter Laborat\u00f3rio &#8211; LA-ICP-MS &#8211; Discuss\u00e3o do protocolo anal\u00edtico para an\u00e1lises isot\u00f3pica &#8220;in situ&#8221; de U-Th-Pb&#8221; em zirc\u00e3o com objetivo em geoqu\u00edmica isot\u00f3pica com aplica\u00e7\u00e3o voltada principalmente em geocronologia:\u00a0 compara\u00e7\u00e3o dos resultados de data\u00e7\u00e3o de 3 amostras desconhecidas por m\u00e9todo geocronol\u00f3gico U-Pb em zirc\u00e3o envolvendo multi laborat\u00f3rio<\/strong><\/p>\n<p>17.40 &#8211; P<strong>oster + cafe + election for next WIMS<\/strong><\/p>\n<p>&nbsp;<\/p>\n<h3>Dia 6\/Set\/2017<\/h3>\n<h3>Manh\u00e3: Introdu\u00e7\u00e3o a espectrometria de massas &#8211; LA-ICP-MS, SIMS<\/h3>\n<p>9:00-10:30 &#8211; <strong>Sandra Andrade<\/strong> (LA-ICP-MS &#8211; ICAP &#8211; Q);<\/p>\n<p>1- Import\u00e2ncia e aplica\u00e7\u00f5es da me<strong>tod<\/strong>ologia LA-ICPMS<br \/>\n2- Equipamentos de ICP-MS com enfoque para os espectr\u00f4metros de massa com analisador quadrupolo<br \/>\n3- Equipamentos para abla\u00e7\u00e3o a laser e a hifeniza\u00e7\u00e3o com ICP-MS<br \/>\n4- Par\u00e2metros para otimiza\u00e7\u00e3o do sistema LA-ICPMS<br \/>\n5- T\u00f3picos importantes para implanta\u00e7\u00e3o de m\u00e9todos e rotinas anal\u00edticas.<br \/>\n6- Tratamento de dados<\/p>\n<p>10:30-10:15 coffee break<\/p>\n<p>10:15-12:30 <strong>Kei Sato<\/strong>: \u00a0short course of mass spectrometry &#8211; \u00a0(NEPTUNE + SHRIMP)<\/p>\n<p>12.30-14.00 &#8211; LUNCH TIME<\/p>\n<p><strong>\u00a0BRUNCH &#8211; snack lunch (free charge) for all participants. Local: Geoscience Museum<\/strong><\/p>\n<h3><strong>Tarde:\u00a0&#8211; Demonstra\u00e7\u00e3o &#8211; espectrometria de massas\u00a0<\/strong><\/h3>\n<p>14:00 &#8211; 15:30 <strong>Sandra &#8211; Andrade<\/strong> &#8211; ICAP-Q &#8211; LA-CIP-MS<\/p>\n<p>1. Otimiza\u00e7\u00e3o do sistema LA-ICPMS e verifica\u00e7\u00e3o dos par\u00e2metros instrumentais.<br \/>\n2. M\u00e9todos para an\u00e1lises de elementos menores e tra\u00e7os em apatita e zirc\u00e3o<br \/>\n3. Obten\u00e7\u00e3o de dados em rodadas anal\u00edticas<br \/>\n4. Tratamento de dados com uso do programa Glitter\u00ae.<\/p>\n<p>15:30 &#8211; 15:15 intervalo<\/p>\n<p>15:15 &#8211;\u00a0 17:15 <strong>Kei Sato<\/strong> &#8211; demonstra\u00e7\u00e3o do espectro de Pb e U por meio de \u00a0LA-ICP-MS (NEPTUNE) and SHRIMP<\/p>\n<p>17:15 &#8211; 18:00 Visita ao laborat\u00f3rio<\/p>\n<h2><strong>KEY NOTE SPEAKERS<\/strong><\/h2>\n<h2><strong>Allen P. Nutman<\/strong><strong> (Austr\u00e1lia<\/strong>): <strong>Rapid emergence of life shown by discovery of 3,700-million-year-old microbial structures: LA-ICP-MS, SIMS.<\/strong><\/h2>\n<p><strong>Alexandre A. Ferreira<\/strong><strong> (Petrobr\u00e1s): <\/strong>Geoqu\u00edmica de Is\u00f3topos Est\u00e1veis de Carbono, Hidrog\u00eanio e Enxofre: Conceitos, Instrumenta\u00e7\u00e3o Anal\u00edtica e Aplica\u00e7\u00f5es na Explora\u00e7\u00e3o de Petr\u00f3leo. Key words: Raz\u00e3o Isot\u00f3pica, Is\u00f3topos Est\u00e1veis, Geoqu\u00edmica Org\u00e2nica, Espectrometria de Massas Para Raz\u00e3o Isot\u00f3pica, An\u00e1lise Isot\u00f3pica de Compostos Espec\u00edficos, Geoqu\u00edmica de Gases.<\/p>\n<p><strong>Amauri Meneg\u00e1rio<\/strong><strong> \u2013 Rio Claro<\/strong>\u00a0\u2013 UNESP: \u00a0<strong>M\u00e9todos para determina\u00e7\u00e3o de biocidas anti-incrustantes \u00a0met\u00e1licos de terceira gera\u00e7\u00e3o baseados na hifena\u00e7\u00e3o da cromatografia liquida com espectrometria de massas.<\/strong><\/p>\n<p><strong>Ant\u00f4nio Celso Jardim<\/strong><strong>.\u00a0Advanced Mass Spectrometry: Isotopic analysis without boundaries \u2013\u00a0new advances in stable isotopes mass spectrometry and interface.<\/strong><\/p>\n<p><strong>Fernando Barbosa<\/strong><strong> (Farm\u00e1cia &#8211; Ribeir\u00e3o Preto): <\/strong>Elementos qu\u00edmicos e contaminantes emergentes, biomonitoramento e espectrometria de massas aplicada a toxicologia.<\/p>\n<p><strong>Fl\u00e1vio Fernandes<\/strong> &#8211; CM: energia limpa para espectrometria (t\u00edtulo sujeito a altera\u00e7\u00e3o)<\/p>\n<p><strong>Joaquim de Ara\u00fajo<\/strong> <strong>N\u00f3brega<\/strong><strong> \u2013 DQ \u2013 UFSCar: Estrat\u00e9gias para an\u00e1lise de amostras complexas por ICP-MS<\/strong>. Key words: interfer\u00eancias matriciais; interfer\u00eancias espectrais; compatibiliza\u00e7\u00e3o de matriz; calibra\u00e7\u00e3o; dilui\u00e7\u00e3o de aerossol.<\/p>\n<p><strong>Jorge E.S. Sarkis<\/strong><strong> \u2013 IPEN: Forense<\/strong><\/p>\n<p><strong>Kei Sato<\/strong>\u00a0&#8211; IG &#8211; USP: In situ isotopic analysis of Ti (geothermometer)<strong> and Rare Earth Element in zircon by \u201cSensitive High Resolution Ion Micro Probe<\/strong>\u201c. Key Words: high mass resolution, ion probe, too small analysis material, micro diffusion of elements, micro analysis.<\/p>\n<p><strong>Koji Kawashita<\/strong>\u00a0\u2013 IG \u2013 USP: <strong>Afinal, qual \u00e9 a prov\u00e1vel \u00a0composi\u00e7\u00e3o atmosf\u00e9rica do arg\u00f4nio terrestre \u00a0no passado e no presente?<\/strong><\/p>\n<p><strong>Luiz Carlos Ruiz<\/strong> <strong>Pessenda<\/strong> \u2013 CENA: <strong>Din\u00e2mica da Mata Atl\u00e2ntica em rela\u00e7\u00e3o \u00e0s mudan\u00e7as clim\u00e1ticas do passado e do futuro.<\/strong><\/p>\n<p><strong>Luis Mancini<\/strong><strong> &#8211; Is\u00f3topos Est\u00e1veis <\/strong><strong>\u00a0<\/strong><strong>&#8211; Inter &#8211; Laborat\u00f3rio &#8211; discuss\u00e3o (<\/strong><strong>d <\/strong><strong>C e <\/strong><strong>d O) <\/strong><strong>do padr\u00e3o de carbonato de c\u00e1lcio (estalactite) da gruta Rei do Mato. <\/strong><\/p>\n<p><strong>M\u00e1rcio Pimentel<\/strong><strong> \/ Sato &#8211; Inter Laborat\u00f3rio &#8211; LA-ICP-MS &#8211; Discuss\u00e3o do protocolo anal\u00edtico para an\u00e1lises isot\u00f3pica &#8220;in situ&#8221; de U-Th-Pb&#8221; em zirc\u00e3o com objetivo em geoqu\u00edmica isot\u00f3pica com aplica\u00e7\u00e3o voltada principalmente em geocronologia:\u00a0 compara\u00e7\u00e3o dos resultados de data\u00e7\u00e3o de 3 amostras desconhecidas por m\u00e9todo geocronol\u00f3gico U-Pb em zirc\u00e3o envolvendo multi laborat\u00f3rio.<\/strong><\/p>\n<p><strong>Marcos Aur\u00e9lio Zezzi Arruda<\/strong> <strong>\u2013 Inst. de Qu\u00edmica \u2013 UNICAMP &#8211; <\/strong>Bioimageamento empregando a t\u00e9cnica de LA-ICP-MS. Palavras-chave: bioimageamento, abla\u00e7\u00e3o, laser, ICP-MS, software<\/p>\n<p><strong>Mauricio Ibanez<\/strong><strong> \u2013 MIT \u2013 USA: G<\/strong>eocronologia de alta precis\u00e3o anal\u00edtica por meio de Chemical Ablation \u2013ID \u2013 TIMS.<\/p>\n<p><strong>Nova Anal\u00edtica<\/strong> &#8211; Thermo Scientific &#8211; avan\u00e7os em espectrometria (draft)<\/p>\n<p><strong>Pedro de Oliveira<\/strong><strong> \u2013 Qu\u00edmica \u2013 USP: Aplica\u00e7\u00e3o de novos materiais para separa\u00e7\u00e3o e pr\u00e9-concentra\u00e7\u00e3o de elementos terras raras por ICP-MS. \u00a0<\/strong>Keywords: terras raras; biopol\u00edmeros; material h\u00edbrido;\u00a0 beads; \u00a0pr\u00e9-concentra\u00e7\u00e3o; separa\u00e7\u00e3o, \u00e1guas.<\/p>\n<p><strong>Ricardo E. Santelli &#8211; UFRJ: <\/strong>Aplica\u00e7\u00f5es da Espectrometria de Massa com Fonte Plasma e Estudos de Especia\u00e7\u00e3o &#8211; Key words: Especia\u00e7\u00e3o qu\u00edmica, metais, prote\u00ednas, is\u00f3topos, espectrometria<\/p>\n","protected":false},"excerpt":{"rendered":"<p>PROGRAMA Dia 4\/Set\/2017 Register: 8.00 \u2013 9.10\u00a0(+ coffee break) 9.10 \u2013 9.40 &#8211; opening ceremony PALESTRAS 9.40 \u2013 10.20: Koji \u00a0Kawashita &#8211; IG-USP Afinal, qual \u00e9 a prov\u00e1vel \u00a0composi\u00e7\u00e3o atmosf\u00e9rica do arg\u00f4nio terrestre \u00a0no passado e no presente? 10.20\u00a0\u2013 11.00 &#8211; Luiz C. Pessenda &#8211; CENA Din\u00e2mica da Mata Atl\u00e2ntica em rela\u00e7\u00e3o \u00e0s mudan\u00e7as clim\u00e1ticas [&hellip;]<\/p>\n","protected":false},"author":1,"featured_media":0,"parent":0,"menu_order":0,"comment_status":"closed","ping_status":"closed","template":"","meta":{"footnotes":""},"class_list":["post-44","page","type-page","status-publish","hentry"],"publishpress_future_action":{"enabled":false,"date":"2026-05-23 12:46:33","action":"change-status","newStatus":"draft","terms":[],"taxonomy":"language","extraData":[]},"publishpress_future_workflow_manual_trigger":{"enabledWorkflows":[]},"_links":{"self":[{"href":"https:\/\/wims.igc.usp.br\/index.php?rest_route=\/wp\/v2\/pages\/44","targetHints":{"allow":["GET"]}}],"collection":[{"href":"https:\/\/wims.igc.usp.br\/index.php?rest_route=\/wp\/v2\/pages"}],"about":[{"href":"https:\/\/wims.igc.usp.br\/index.php?rest_route=\/wp\/v2\/types\/page"}],"author":[{"embeddable":true,"href":"https:\/\/wims.igc.usp.br\/index.php?rest_route=\/wp\/v2\/users\/1"}],"replies":[{"embeddable":true,"href":"https:\/\/wims.igc.usp.br\/index.php?rest_route=%2Fwp%2Fv2%2Fcomments&post=44"}],"version-history":[{"count":9,"href":"https:\/\/wims.igc.usp.br\/index.php?rest_route=\/wp\/v2\/pages\/44\/revisions"}],"predecessor-version":[{"id":285,"href":"https:\/\/wims.igc.usp.br\/index.php?rest_route=\/wp\/v2\/pages\/44\/revisions\/285"}],"wp:attachment":[{"href":"https:\/\/wims.igc.usp.br\/index.php?rest_route=%2Fwp%2Fv2%2Fmedia&parent=44"}],"curies":[{"name":"wp","href":"https:\/\/api.w.org\/{rel}","templated":true}]}}